{"id":375,"date":"2023-07-20T10:37:13","date_gmt":"2023-07-20T07:37:13","guid":{"rendered":"https:\/\/yumtree.online\/?page_id=375"},"modified":"2024-12-11T07:49:57","modified_gmt":"2024-12-11T05:49:57","slug":"%cf%83%cf%85%cf%87%ce%bd%ce%ad%cf%82-%ce%b5%cf%81%cf%89%cf%84%ce%ae%cf%83%ce%b5%ce%b9%cf%82","status":"publish","type":"page","link":"https:\/\/yumtree.online\/fr\/%cf%83%cf%85%cf%87%ce%bd%ce%ad%cf%82-%ce%b5%cf%81%cf%89%cf%84%ce%ae%cf%83%ce%b5%ce%b9%cf%82\/","title":{"rendered":"Questions fr\u00e9quemment pos\u00e9es"},"content":{"rendered":"<div data-elementor-type=\"wp-page\" data-elementor-id=\"375\" class=\"elementor elementor-375\" data-elementor-post-type=\"page\">\n\t\t\t\t<div class=\"elementor-element elementor-element-5a48e0d0 e-flex e-con-boxed e-con e-parent\" data-id=\"5a48e0d0\" data-element_type=\"container\" data-e-type=\"container\">\n\t\t\t\t\t<div class=\"e-con-inner\">\n\t\t<div class=\"elementor-element elementor-element-24dac46c e-con-full e-flex e-con e-child\" data-id=\"24dac46c\" data-element_type=\"container\" data-e-type=\"container\">\n\t\t\t\t<div class=\"elementor-element elementor-element-329b7029 elementor-widget elementor-widget-heading\" data-id=\"329b7029\" data-element_type=\"widget\" data-e-type=\"widget\" data-widget_type=\"heading.default\">\n\t\t\t\t<div class=\"elementor-widget-container\">\n\t\t\t\t\t<h1 class=\"elementor-heading-title elementor-size-default\">Questions fr\u00e9quemment pos\u00e9es sur YumTree et nos cr\u00eapes pr\u00e9f\u00e9r\u00e9es<\/h1>\t\t\t\t<\/div>\n\t\t\t\t<\/div>\n\t\t\t\t<div class=\"elementor-element elementor-element-44b2d0 elementor-widget elementor-widget-text-editor\" data-id=\"44b2d0\" data-element_type=\"widget\" data-e-type=\"widget\" data-widget_type=\"text-editor.default\">\n\t\t\t\t<div class=\"elementor-widget-container\">\n\t\t\t\t\t\t\t\t\t<p>Bienvenue sur la page FAQ de YumTree ! Vous y trouverez des r\u00e9ponses utiles aux questions fr\u00e9quemment pos\u00e9es sur notre magasin et nos cr\u00eapes pr\u00e9f\u00e9r\u00e9es.<\/p><p>Nous souhaitons vous offrir une excellente exp\u00e9rience et r\u00e9pondre \u00e0 toutes vos questions afin de rendre votre visite \u00e0 YumTree aussi agr\u00e9able et confortable que possible. Si vous ne trouvez pas la r\u00e9ponse que vous cherchez, n'h\u00e9sitez pas \u00e0 nous contacter via le formulaire de la page de contact ou par t\u00e9l\u00e9phone.<\/p><p>Nous vous remercions d'avoir choisi YumTree et nous nous r\u00e9jouissons de vous accueillir !<\/p>\t\t\t\t\t\t\t\t<\/div>\n\t\t\t\t<\/div>\n\t\t\t\t<div class=\"elementor-element elementor-element-dd093ad elementor-widget elementor-widget-accordion\" data-id=\"dd093ad\" data-element_type=\"widget\" data-e-type=\"widget\" data-widget_type=\"accordion.default\">\n\t\t\t\t<div class=\"elementor-widget-container\">\n\t\t\t\t\t\t\t<div class=\"elementor-accordion\">\n\t\t\t\t\t\t\t<div class=\"elementor-accordion-item\">\n\t\t\t\t\t<div id=\"elementor-tab-title-2311\" class=\"elementor-tab-title\" data-tab=\"1\" role=\"button\" aria-controls=\"elementor-tab-content-2311\" aria-expanded=\"false\">\n\t\t\t\t\t\t\t\t\t\t\t\t\t<span class=\"elementor-accordion-icon elementor-accordion-icon-left\" aria-hidden=\"true\">\n\t\t\t\t\t\t\t\t\t\t\t\t\t\t\t<span class=\"elementor-accordion-icon-closed\"><i class=\"fas fa-plus\"><\/i><\/span>\n\t\t\t\t\t\t\t\t<span class=\"elementor-accordion-icon-opened\"><i class=\"fas fa-minus\"><\/i><\/span>\n\t\t\t\t\t\t\t\t\t\t\t\t\t\t<\/span>\n\t\t\t\t\t\t\t\t\t\t\t\t<a class=\"elementor-accordion-title\" tabindex=\"0\">O\u00f9 se trouve le magasin ?<\/a>\n\t\t\t\t\t<\/div>\n\t\t\t\t\t<div id=\"elementor-tab-content-2311\" class=\"elementor-tab-content elementor-clearfix\" data-tab=\"1\" role=\"region\" aria-labelledby=\"elementor-tab-title-2311\"><p>Notre magasin est situ\u00e9 au 5 D. Gounari 5, dans la rue pi\u00e9tonne.<\/p><\/div>\n\t\t\t\t<\/div>\n\t\t\t\t\t\t\t<div class=\"elementor-accordion-item\">\n\t\t\t\t\t<div id=\"elementor-tab-title-2312\" class=\"elementor-tab-title\" data-tab=\"2\" role=\"button\" aria-controls=\"elementor-tab-content-2312\" aria-expanded=\"false\">\n\t\t\t\t\t\t\t\t\t\t\t\t\t<span class=\"elementor-accordion-icon elementor-accordion-icon-left\" aria-hidden=\"true\">\n\t\t\t\t\t\t\t\t\t\t\t\t\t\t\t<span class=\"elementor-accordion-icon-closed\"><i class=\"fas fa-plus\"><\/i><\/span>\n\t\t\t\t\t\t\t\t<span class=\"elementor-accordion-icon-opened\"><i class=\"fas fa-minus\"><\/i><\/span>\n\t\t\t\t\t\t\t\t\t\t\t\t\t\t<\/span>\n\t\t\t\t\t\t\t\t\t\t\t\t<a class=\"elementor-accordion-title\" tabindex=\"0\">Y a-t-il un endroit pour s'asseoir ou ne donnez-vous que des plats \u00e0 emporter ?<\/a>\n\t\t\t\t\t<\/div>\n\t\t\t\t\t<div id=\"elementor-tab-content-2312\" class=\"elementor-tab-content elementor-clearfix\" data-tab=\"2\" role=\"region\" aria-labelledby=\"elementor-tab-title-2312\"><p>Des tables sont \u00e0 votre disposition pour d\u00e9guster vos plats ou vos glaces. La s\u00e9curit\u00e9 des enfants est \u00e9galement assur\u00e9e, car le magasin est situ\u00e9 dans une rue pi\u00e9tonne.<\/p><\/div>\n\t\t\t\t<\/div>\n\t\t\t\t\t\t\t<div class=\"elementor-accordion-item\">\n\t\t\t\t\t<div id=\"elementor-tab-title-2313\" class=\"elementor-tab-title\" data-tab=\"3\" role=\"button\" aria-controls=\"elementor-tab-content-2313\" aria-expanded=\"false\">\n\t\t\t\t\t\t\t\t\t\t\t\t\t<span class=\"elementor-accordion-icon elementor-accordion-icon-left\" aria-hidden=\"true\">\n\t\t\t\t\t\t\t\t\t\t\t\t\t\t\t<span class=\"elementor-accordion-icon-closed\"><i class=\"fas fa-plus\"><\/i><\/span>\n\t\t\t\t\t\t\t\t<span class=\"elementor-accordion-icon-opened\"><i class=\"fas fa-minus\"><\/i><\/span>\n\t\t\t\t\t\t\t\t\t\t\t\t\t\t<\/span>\n\t\t\t\t\t\t\t\t\t\t\t\t<a class=\"elementor-accordion-title\" tabindex=\"0\">Les animaux de compagnie sont-ils autoris\u00e9s dans les locaux ?<\/a>\n\t\t\t\t\t<\/div>\n\t\t\t\t\t<div id=\"elementor-tab-content-2313\" class=\"elementor-tab-content elementor-clearfix\" data-tab=\"3\" role=\"region\" aria-labelledby=\"elementor-tab-title-2313\"><p>Malheureusement, il n'y a pas d'int\u00e9rieur, mais il y a bien s\u00fbr des tables \u00e0 l'ext\u00e9rieur pour profiter de votre promenade avec nos petits amis.<\/p><\/div>\n\t\t\t\t<\/div>\n\t\t\t\t\t\t\t<div class=\"elementor-accordion-item\">\n\t\t\t\t\t<div id=\"elementor-tab-title-2314\" class=\"elementor-tab-title\" data-tab=\"4\" role=\"button\" aria-controls=\"elementor-tab-content-2314\" aria-expanded=\"false\">\n\t\t\t\t\t\t\t\t\t\t\t\t\t<span class=\"elementor-accordion-icon elementor-accordion-icon-left\" aria-hidden=\"true\">\n\t\t\t\t\t\t\t\t\t\t\t\t\t\t\t<span class=\"elementor-accordion-icon-closed\"><i class=\"fas fa-plus\"><\/i><\/span>\n\t\t\t\t\t\t\t\t<span class=\"elementor-accordion-icon-opened\"><i class=\"fas fa-minus\"><\/i><\/span>\n\t\t\t\t\t\t\t\t\t\t\t\t\t\t<\/span>\n\t\t\t\t\t\t\t\t\t\t\t\t<a class=\"elementor-accordion-title\" tabindex=\"0\">Existe-t-il des options v\u00e9g\u00e9taliennes ?<\/a>\n\t\t\t\t\t<\/div>\n\t\t\t\t\t<div id=\"elementor-tab-content-2314\" class=\"elementor-tab-content elementor-clearfix\" data-tab=\"4\" role=\"region\" aria-labelledby=\"elementor-tab-title-2314\"><p>Des options v\u00e9g\u00e9taliennes pour les cr\u00eapes, les gaufres et les puncakes, en version sal\u00e9e ou sucr\u00e9e !<\/p><\/div>\n\t\t\t\t<\/div>\n\t\t\t\t\t\t\t<div class=\"elementor-accordion-item\">\n\t\t\t\t\t<div id=\"elementor-tab-title-2315\" class=\"elementor-tab-title\" data-tab=\"5\" role=\"button\" aria-controls=\"elementor-tab-content-2315\" aria-expanded=\"false\">\n\t\t\t\t\t\t\t\t\t\t\t\t\t<span class=\"elementor-accordion-icon elementor-accordion-icon-left\" aria-hidden=\"true\">\n\t\t\t\t\t\t\t\t\t\t\t\t\t\t\t<span class=\"elementor-accordion-icon-closed\"><i class=\"fas fa-plus\"><\/i><\/span>\n\t\t\t\t\t\t\t\t<span class=\"elementor-accordion-icon-opened\"><i class=\"fas fa-minus\"><\/i><\/span>\n\t\t\t\t\t\t\t\t\t\t\t\t\t\t<\/span>\n\t\t\t\t\t\t\t\t\t\t\t\t<a class=\"elementor-accordion-title\" tabindex=\"0\">La livraison est-elle possible ?<\/a>\n\t\t\t\t\t<\/div>\n\t\t\t\t\t<div id=\"elementor-tab-content-2315\" class=\"elementor-tab-content elementor-clearfix\" data-tab=\"5\" role=\"region\" aria-labelledby=\"elementor-tab-title-2315\"><p>Pour votre confort, nous travaillons avec des plateformes telles que wolt et e-food.<\/p><\/div>\n\t\t\t\t<\/div>\n\t\t\t\t\t\t\t\t<\/div>\n\t\t\t\t\t\t<\/div>\n\t\t\t\t<\/div>\n\t\t\t\t<\/div>\n\t\t\t\t\t<\/div>\n\t\t\t\t<\/div>\n\t\t\t\t<\/div>","protected":false},"excerpt":{"rendered":"<p>\u03a3\u03c5\u03c7\u03bd\u03ad\u03c2 \u0395\u03c1\u03c9\u03c4\u03ae\u03c3\u03b5\u03b9\u03c2 \u03b3\u03b9\u03b1 \u03c4\u03bf YumTree \u03ba\u03b1\u03b9 \u03c4\u03b9\u03c2 \u0391\u03b3\u03b1\u03c0\u03b7\u03bc\u03ad\u03bd\u03b5\u03c2 \u03bc\u03b1\u03c2 \u039a\u03c1\u03ad\u03c0\u03b5\u03c2 \u039a\u03b1\u03bb\u03c9\u03c3\u03bf\u03c1\u03af\u03c3\u03b1\u03c4\u03b5 \u03c3\u03c4\u03b7 \u03c3\u03b5\u03bb\u03af\u03b4\u03b1 \u03bc\u03b5 \u03c4\u03b9\u03c2 \u03a3\u03c5\u03c7\u03bd\u03ad\u03c2 \u0395\u03c1\u03c9\u03c4\u03ae\u03c3\u03b5\u03b9\u03c2 \u03c4\u03bf\u03c5 YumTree! \u0395\u03b4\u03ce \u03b8\u03b1 \u03b2\u03c1\u03b5\u03af\u03c4\u03b5 \u03c7\u03c1\u03ae\u03c3\u03b9\u03bc\u03b5\u03c2 \u03b1\u03c0\u03b1\u03bd\u03c4\u03ae\u03c3\u03b5\u03b9\u03c2 \u03c3\u03b5 \u03c3\u03c5\u03c7\u03bd\u03ac \u03b5\u03c1\u03c9\u03c4\u03b7\u03b8\u03ad\u03bd\u03c4\u03b1 \u03b8\u03ad\u03bc\u03b1\u03c4\u03b1 \u03c3\u03c7\u03b5\u03c4\u03b9\u03ba\u03ac \u03bc\u03b5 \u03c4\u03bf \u03ba\u03b1\u03c4\u03ac\u03c3\u03c4\u03b7\u03bc\u03ac \u03bc\u03b1\u03c2 \u03ba\u03b1\u03b9 \u03c4\u03b9\u03c2 \u03b1\u03b3\u03b1\u03c0\u03b7\u03bc\u03ad\u03bd\u03b5\u03c2 \u03bc\u03b1\u03c2 \u03ba\u03c1\u03ad\u03c0\u03b5\u03c2. \u0395\u03c0\u03b9\u03b8\u03c5\u03bc\u03bf\u03cd\u03bc\u03b5 \u03bd\u03b1 \u03c3\u03b1\u03c2 \u03c0\u03c1\u03bf\u03c3\u03c6\u03ad\u03c1\u03bf\u03c5\u03bc\u03b5 \u03bc\u03b9\u03b1 \u03ac\u03c1\u03b9\u03c3\u03c4\u03b7 \u03b5\u03bc\u03c0\u03b5\u03b9\u03c1\u03af\u03b1 \u03ba\u03b1\u03b9 \u03bd\u03b1 \u03b1\u03c0\u03b1\u03bd\u03c4\u03ae\u03c3\u03bf\u03c5\u03bc\u03b5 \u03c3\u03b5 \u03cc\u03bb\u03b5\u03c2 \u03c4\u03b9\u03c2 \u03b1\u03c0\u03bf\u03c1\u03af\u03b5\u03c2 \u03c3\u03b1\u03c2 \u03b3\u03b9\u03b1 \u03bd\u03b1 [&hellip;]<\/p>\n","protected":false},"author":1,"featured_media":0,"parent":0,"menu_order":0,"comment_status":"closed","ping_status":"closed","template":"elementor_header_footer","meta":{"footnotes":""},"class_list":["post-375","page","type-page","status-publish","hentry"],"blocksy_meta":[],"_links":{"self":[{"href":"https:\/\/yumtree.online\/fr\/wp-json\/wp\/v2\/pages\/375","targetHints":{"allow":["GET"]}}],"collection":[{"href":"https:\/\/yumtree.online\/fr\/wp-json\/wp\/v2\/pages"}],"about":[{"href":"https:\/\/yumtree.online\/fr\/wp-json\/wp\/v2\/types\/page"}],"author":[{"embeddable":true,"href":"https:\/\/yumtree.online\/fr\/wp-json\/wp\/v2\/users\/1"}],"replies":[{"embeddable":true,"href":"https:\/\/yumtree.online\/fr\/wp-json\/wp\/v2\/comments?post=375"}],"version-history":[{"count":0,"href":"https:\/\/yumtree.online\/fr\/wp-json\/wp\/v2\/pages\/375\/revisions"}],"wp:attachment":[{"href":"https:\/\/yumtree.online\/fr\/wp-json\/wp\/v2\/media?parent=375"}],"curies":[{"name":"wp","href":"https:\/\/api.w.org\/{rel}","templated":true}]}}