{"id":375,"date":"2023-07-20T10:37:13","date_gmt":"2023-07-20T07:37:13","guid":{"rendered":"https:\/\/yumtree.online\/?page_id=375"},"modified":"2024-12-11T07:49:57","modified_gmt":"2024-12-11T05:49:57","slug":"%cf%83%cf%85%cf%87%ce%bd%ce%ad%cf%82-%ce%b5%cf%81%cf%89%cf%84%ce%ae%cf%83%ce%b5%ce%b9%cf%82","status":"publish","type":"page","link":"https:\/\/yumtree.online\/de\/%cf%83%cf%85%cf%87%ce%bd%ce%ad%cf%82-%ce%b5%cf%81%cf%89%cf%84%ce%ae%cf%83%ce%b5%ce%b9%cf%82\/","title":{"rendered":"H\u00e4ufig gestellte Fragen"},"content":{"rendered":"<div data-elementor-type=\"wp-page\" data-elementor-id=\"375\" class=\"elementor elementor-375\" data-elementor-post-type=\"page\">\n\t\t\t\t<div class=\"elementor-element elementor-element-5a48e0d0 e-flex e-con-boxed e-con e-parent\" data-id=\"5a48e0d0\" data-element_type=\"container\" data-e-type=\"container\">\n\t\t\t\t\t<div class=\"e-con-inner\">\n\t\t<div class=\"elementor-element elementor-element-24dac46c e-con-full e-flex e-con e-child\" data-id=\"24dac46c\" data-element_type=\"container\" data-e-type=\"container\">\n\t\t\t\t<div class=\"elementor-element elementor-element-329b7029 elementor-widget elementor-widget-heading\" data-id=\"329b7029\" data-element_type=\"widget\" data-e-type=\"widget\" data-widget_type=\"heading.default\">\n\t\t\t\t<div class=\"elementor-widget-container\">\n\t\t\t\t\t<h1 class=\"elementor-heading-title elementor-size-default\">H\u00e4ufig gestellte Fragen \u00fcber YumTree und unsere Lieblingscrepes<\/h1>\t\t\t\t<\/div>\n\t\t\t\t<\/div>\n\t\t\t\t<div class=\"elementor-element elementor-element-44b2d0 elementor-widget elementor-widget-text-editor\" data-id=\"44b2d0\" data-element_type=\"widget\" data-e-type=\"widget\" data-widget_type=\"text-editor.default\">\n\t\t\t\t<div class=\"elementor-widget-container\">\n\t\t\t\t\t\t\t\t\t<p>Willkommen auf der YumTree FAQ Seite! Hier finden Sie hilfreiche Antworten auf h\u00e4ufig gestellte Fragen zu unserem Laden und unseren Lieblingscrepes.<\/p><p>Wir m\u00f6chten Ihnen ein hervorragendes Erlebnis bieten und alle Ihre Fragen beantworten, um Ihren Besuch bei YumTree so angenehm und komfortabel wie m\u00f6glich zu gestalten. Wenn Sie nicht die Antwort finden, die Sie suchen, k\u00f6nnen Sie uns gerne \u00fcber das Formular auf der Kontaktseite oder per Telefon kontaktieren.<\/p><p>Vielen Dank, dass Sie sich f\u00fcr YumTree entschieden haben, und wir freuen uns, Sie bei uns begr\u00fc\u00dfen zu d\u00fcrfen!<\/p>\t\t\t\t\t\t\t\t<\/div>\n\t\t\t\t<\/div>\n\t\t\t\t<div class=\"elementor-element elementor-element-dd093ad elementor-widget elementor-widget-accordion\" data-id=\"dd093ad\" data-element_type=\"widget\" data-e-type=\"widget\" data-widget_type=\"accordion.default\">\n\t\t\t\t<div class=\"elementor-widget-container\">\n\t\t\t\t\t\t\t<div class=\"elementor-accordion\">\n\t\t\t\t\t\t\t<div class=\"elementor-accordion-item\">\n\t\t\t\t\t<div id=\"elementor-tab-title-2311\" class=\"elementor-tab-title\" data-tab=\"1\" role=\"button\" aria-controls=\"elementor-tab-content-2311\" aria-expanded=\"false\">\n\t\t\t\t\t\t\t\t\t\t\t\t\t<span class=\"elementor-accordion-icon elementor-accordion-icon-left\" aria-hidden=\"true\">\n\t\t\t\t\t\t\t\t\t\t\t\t\t\t\t<span class=\"elementor-accordion-icon-closed\"><i class=\"fas fa-plus\"><\/i><\/span>\n\t\t\t\t\t\t\t\t<span class=\"elementor-accordion-icon-opened\"><i class=\"fas fa-minus\"><\/i><\/span>\n\t\t\t\t\t\t\t\t\t\t\t\t\t\t<\/span>\n\t\t\t\t\t\t\t\t\t\t\t\t<a class=\"elementor-accordion-title\" tabindex=\"0\">Wo befindet sich das Gesch\u00e4ft?<\/a>\n\t\t\t\t\t<\/div>\n\t\t\t\t\t<div id=\"elementor-tab-content-2311\" class=\"elementor-tab-content elementor-clearfix\" data-tab=\"1\" role=\"region\" aria-labelledby=\"elementor-tab-title-2311\"><p>Unser Gesch\u00e4ft befindet sich in der Fu\u00dfg\u00e4ngerzone, 5 D. Gounari 5.<\/p><\/div>\n\t\t\t\t<\/div>\n\t\t\t\t\t\t\t<div class=\"elementor-accordion-item\">\n\t\t\t\t\t<div id=\"elementor-tab-title-2312\" class=\"elementor-tab-title\" data-tab=\"2\" role=\"button\" aria-controls=\"elementor-tab-content-2312\" aria-expanded=\"false\">\n\t\t\t\t\t\t\t\t\t\t\t\t\t<span class=\"elementor-accordion-icon elementor-accordion-icon-left\" aria-hidden=\"true\">\n\t\t\t\t\t\t\t\t\t\t\t\t\t\t\t<span class=\"elementor-accordion-icon-closed\"><i class=\"fas fa-plus\"><\/i><\/span>\n\t\t\t\t\t\t\t\t<span class=\"elementor-accordion-icon-opened\"><i class=\"fas fa-minus\"><\/i><\/span>\n\t\t\t\t\t\t\t\t\t\t\t\t\t\t<\/span>\n\t\t\t\t\t\t\t\t\t\t\t\t<a class=\"elementor-accordion-title\" tabindex=\"0\">Gibt es einen Platz zum Sitzen oder wird nur zum Mitnehmen angeboten?<\/a>\n\t\t\t\t\t<\/div>\n\t\t\t\t\t<div id=\"elementor-tab-content-2312\" class=\"elementor-tab-content elementor-clearfix\" data-tab=\"2\" role=\"region\" aria-labelledby=\"elementor-tab-title-2312\"><p>Es gibt Tische, an denen man sein Essen oder Eis genie\u00dfen kann. Es gibt auch gro\u00dfe Sicherheit f\u00fcr Kinder, da der Laden in einer Fu\u00dfg\u00e4ngerzone liegt.<\/p><\/div>\n\t\t\t\t<\/div>\n\t\t\t\t\t\t\t<div class=\"elementor-accordion-item\">\n\t\t\t\t\t<div id=\"elementor-tab-title-2313\" class=\"elementor-tab-title\" data-tab=\"3\" role=\"button\" aria-controls=\"elementor-tab-content-2313\" aria-expanded=\"false\">\n\t\t\t\t\t\t\t\t\t\t\t\t\t<span class=\"elementor-accordion-icon elementor-accordion-icon-left\" aria-hidden=\"true\">\n\t\t\t\t\t\t\t\t\t\t\t\t\t\t\t<span class=\"elementor-accordion-icon-closed\"><i class=\"fas fa-plus\"><\/i><\/span>\n\t\t\t\t\t\t\t\t<span class=\"elementor-accordion-icon-opened\"><i class=\"fas fa-minus\"><\/i><\/span>\n\t\t\t\t\t\t\t\t\t\t\t\t\t\t<\/span>\n\t\t\t\t\t\t\t\t\t\t\t\t<a class=\"elementor-accordion-title\" tabindex=\"0\">Sind Haustiere auf dem Gel\u00e4nde erlaubt?<\/a>\n\t\t\t\t\t<\/div>\n\t\t\t\t\t<div id=\"elementor-tab-content-2313\" class=\"elementor-tab-content elementor-clearfix\" data-tab=\"3\" role=\"region\" aria-labelledby=\"elementor-tab-title-2313\"><p>Leider nicht drinnen, aber nat\u00fcrlich gibt es drau\u00dfen Tische, um den Spaziergang mit unseren kleinen Freunden zu genie\u00dfen.<\/p><\/div>\n\t\t\t\t<\/div>\n\t\t\t\t\t\t\t<div class=\"elementor-accordion-item\">\n\t\t\t\t\t<div id=\"elementor-tab-title-2314\" class=\"elementor-tab-title\" data-tab=\"4\" role=\"button\" aria-controls=\"elementor-tab-content-2314\" aria-expanded=\"false\">\n\t\t\t\t\t\t\t\t\t\t\t\t\t<span class=\"elementor-accordion-icon elementor-accordion-icon-left\" aria-hidden=\"true\">\n\t\t\t\t\t\t\t\t\t\t\t\t\t\t\t<span class=\"elementor-accordion-icon-closed\"><i class=\"fas fa-plus\"><\/i><\/span>\n\t\t\t\t\t\t\t\t<span class=\"elementor-accordion-icon-opened\"><i class=\"fas fa-minus\"><\/i><\/span>\n\t\t\t\t\t\t\t\t\t\t\t\t\t\t<\/span>\n\t\t\t\t\t\t\t\t\t\t\t\t<a class=\"elementor-accordion-title\" tabindex=\"0\">Gibt es vegane Optionen?<\/a>\n\t\t\t\t\t<\/div>\n\t\t\t\t\t<div id=\"elementor-tab-content-2314\" class=\"elementor-tab-content elementor-clearfix\" data-tab=\"4\" role=\"region\" aria-labelledby=\"elementor-tab-title-2314\"><p>Vegane Optionen bei Cr\u00eapes, Waffeln und Puncakes in herzhaften und s\u00fc\u00dfen Versionen!<\/p><\/div>\n\t\t\t\t<\/div>\n\t\t\t\t\t\t\t<div class=\"elementor-accordion-item\">\n\t\t\t\t\t<div id=\"elementor-tab-title-2315\" class=\"elementor-tab-title\" data-tab=\"5\" role=\"button\" aria-controls=\"elementor-tab-content-2315\" aria-expanded=\"false\">\n\t\t\t\t\t\t\t\t\t\t\t\t\t<span class=\"elementor-accordion-icon elementor-accordion-icon-left\" aria-hidden=\"true\">\n\t\t\t\t\t\t\t\t\t\t\t\t\t\t\t<span class=\"elementor-accordion-icon-closed\"><i class=\"fas fa-plus\"><\/i><\/span>\n\t\t\t\t\t\t\t\t<span class=\"elementor-accordion-icon-opened\"><i class=\"fas fa-minus\"><\/i><\/span>\n\t\t\t\t\t\t\t\t\t\t\t\t\t\t<\/span>\n\t\t\t\t\t\t\t\t\t\t\t\t<a class=\"elementor-accordion-title\" tabindex=\"0\">Ist eine Lieferung m\u00f6glich?<\/a>\n\t\t\t\t\t<\/div>\n\t\t\t\t\t<div id=\"elementor-tab-content-2315\" class=\"elementor-tab-content elementor-clearfix\" data-tab=\"5\" role=\"region\" aria-labelledby=\"elementor-tab-title-2315\"><p>Um Ihnen die Arbeit zu erleichtern, arbeiten wir mit Plattformen wie wolt und e-food.<\/p><\/div>\n\t\t\t\t<\/div>\n\t\t\t\t\t\t\t\t<\/div>\n\t\t\t\t\t\t<\/div>\n\t\t\t\t<\/div>\n\t\t\t\t<\/div>\n\t\t\t\t\t<\/div>\n\t\t\t\t<\/div>\n\t\t\t\t<\/div>","protected":false},"excerpt":{"rendered":"<p>\u03a3\u03c5\u03c7\u03bd\u03ad\u03c2 \u0395\u03c1\u03c9\u03c4\u03ae\u03c3\u03b5\u03b9\u03c2 \u03b3\u03b9\u03b1 \u03c4\u03bf YumTree \u03ba\u03b1\u03b9 \u03c4\u03b9\u03c2 \u0391\u03b3\u03b1\u03c0\u03b7\u03bc\u03ad\u03bd\u03b5\u03c2 \u03bc\u03b1\u03c2 \u039a\u03c1\u03ad\u03c0\u03b5\u03c2 \u039a\u03b1\u03bb\u03c9\u03c3\u03bf\u03c1\u03af\u03c3\u03b1\u03c4\u03b5 \u03c3\u03c4\u03b7 \u03c3\u03b5\u03bb\u03af\u03b4\u03b1 \u03bc\u03b5 \u03c4\u03b9\u03c2 \u03a3\u03c5\u03c7\u03bd\u03ad\u03c2 \u0395\u03c1\u03c9\u03c4\u03ae\u03c3\u03b5\u03b9\u03c2 \u03c4\u03bf\u03c5 YumTree! \u0395\u03b4\u03ce \u03b8\u03b1 \u03b2\u03c1\u03b5\u03af\u03c4\u03b5 \u03c7\u03c1\u03ae\u03c3\u03b9\u03bc\u03b5\u03c2 \u03b1\u03c0\u03b1\u03bd\u03c4\u03ae\u03c3\u03b5\u03b9\u03c2 \u03c3\u03b5 \u03c3\u03c5\u03c7\u03bd\u03ac \u03b5\u03c1\u03c9\u03c4\u03b7\u03b8\u03ad\u03bd\u03c4\u03b1 \u03b8\u03ad\u03bc\u03b1\u03c4\u03b1 \u03c3\u03c7\u03b5\u03c4\u03b9\u03ba\u03ac \u03bc\u03b5 \u03c4\u03bf \u03ba\u03b1\u03c4\u03ac\u03c3\u03c4\u03b7\u03bc\u03ac \u03bc\u03b1\u03c2 \u03ba\u03b1\u03b9 \u03c4\u03b9\u03c2 \u03b1\u03b3\u03b1\u03c0\u03b7\u03bc\u03ad\u03bd\u03b5\u03c2 \u03bc\u03b1\u03c2 \u03ba\u03c1\u03ad\u03c0\u03b5\u03c2. \u0395\u03c0\u03b9\u03b8\u03c5\u03bc\u03bf\u03cd\u03bc\u03b5 \u03bd\u03b1 \u03c3\u03b1\u03c2 \u03c0\u03c1\u03bf\u03c3\u03c6\u03ad\u03c1\u03bf\u03c5\u03bc\u03b5 \u03bc\u03b9\u03b1 \u03ac\u03c1\u03b9\u03c3\u03c4\u03b7 \u03b5\u03bc\u03c0\u03b5\u03b9\u03c1\u03af\u03b1 \u03ba\u03b1\u03b9 \u03bd\u03b1 \u03b1\u03c0\u03b1\u03bd\u03c4\u03ae\u03c3\u03bf\u03c5\u03bc\u03b5 \u03c3\u03b5 \u03cc\u03bb\u03b5\u03c2 \u03c4\u03b9\u03c2 \u03b1\u03c0\u03bf\u03c1\u03af\u03b5\u03c2 \u03c3\u03b1\u03c2 \u03b3\u03b9\u03b1 \u03bd\u03b1 [&hellip;]<\/p>\n","protected":false},"author":1,"featured_media":0,"parent":0,"menu_order":0,"comment_status":"closed","ping_status":"closed","template":"elementor_header_footer","meta":{"footnotes":""},"class_list":["post-375","page","type-page","status-publish","hentry"],"blocksy_meta":[],"_links":{"self":[{"href":"https:\/\/yumtree.online\/de\/wp-json\/wp\/v2\/pages\/375","targetHints":{"allow":["GET"]}}],"collection":[{"href":"https:\/\/yumtree.online\/de\/wp-json\/wp\/v2\/pages"}],"about":[{"href":"https:\/\/yumtree.online\/de\/wp-json\/wp\/v2\/types\/page"}],"author":[{"embeddable":true,"href":"https:\/\/yumtree.online\/de\/wp-json\/wp\/v2\/users\/1"}],"replies":[{"embeddable":true,"href":"https:\/\/yumtree.online\/de\/wp-json\/wp\/v2\/comments?post=375"}],"version-history":[{"count":0,"href":"https:\/\/yumtree.online\/de\/wp-json\/wp\/v2\/pages\/375\/revisions"}],"wp:attachment":[{"href":"https:\/\/yumtree.online\/de\/wp-json\/wp\/v2\/media?parent=375"}],"curies":[{"name":"wp","href":"https:\/\/api.w.org\/{rel}","templated":true}]}}